{"id":1252,"date":"2025-07-21T05:52:09","date_gmt":"2025-07-21T05:52:09","guid":{"rendered":"https:\/\/pecs-work.com\/latest-news\/"},"modified":"2025-07-23T08:33:05","modified_gmt":"2025-07-23T08:33:05","slug":"latest-news","status":"publish","type":"page","link":"https:\/\/pecs-work.com\/en\/latest-news\/","title":{"rendered":"Latest news"},"content":{"rendered":"\t\t<div data-elementor-type=\"wp-page\" data-elementor-id=\"1252\" class=\"elementor elementor-1252 elementor-941\" data-elementor-settings=\"{&quot;element_pack_global_tooltip_width&quot;:{&quot;unit&quot;:&quot;px&quot;,&quot;size&quot;:&quot;&quot;,&quot;sizes&quot;:[]},&quot;element_pack_global_tooltip_width_tablet&quot;:{&quot;unit&quot;:&quot;px&quot;,&quot;size&quot;:&quot;&quot;,&quot;sizes&quot;:[]},&quot;element_pack_global_tooltip_width_mobile&quot;:{&quot;unit&quot;:&quot;px&quot;,&quot;size&quot;:&quot;&quot;,&quot;sizes&quot;:[]},&quot;element_pack_global_tooltip_padding&quot;:{&quot;unit&quot;:&quot;px&quot;,&quot;top&quot;:&quot;&quot;,&quot;right&quot;:&quot;&quot;,&quot;bottom&quot;:&quot;&quot;,&quot;left&quot;:&quot;&quot;,&quot;isLinked&quot;:true},&quot;element_pack_global_tooltip_padding_tablet&quot;:{&quot;unit&quot;:&quot;px&quot;,&quot;top&quot;:&quot;&quot;,&quot;right&quot;:&quot;&quot;,&quot;bottom&quot;:&quot;&quot;,&quot;left&quot;:&quot;&quot;,&quot;isLinked&quot;:true},&quot;element_pack_global_tooltip_padding_mobile&quot;:{&quot;unit&quot;:&quot;px&quot;,&quot;top&quot;:&quot;&quot;,&quot;right&quot;:&quot;&quot;,&quot;bottom&quot;:&quot;&quot;,&quot;left&quot;:&quot;&quot;,&quot;isLinked&quot;:true},&quot;element_pack_global_tooltip_border_radius&quot;:{&quot;unit&quot;:&quot;px&quot;,&quot;top&quot;:&quot;&quot;,&quot;right&quot;:&quot;&quot;,&quot;bottom&quot;:&quot;&quot;,&quot;left&quot;:&quot;&quot;,&quot;isLinked&quot;:true},&quot;element_pack_global_tooltip_border_radius_tablet&quot;:{&quot;unit&quot;:&quot;px&quot;,&quot;top&quot;:&quot;&quot;,&quot;right&quot;:&quot;&quot;,&quot;bottom&quot;:&quot;&quot;,&quot;left&quot;:&quot;&quot;,&quot;isLinked&quot;:true},&quot;element_pack_global_tooltip_border_radius_mobile&quot;:{&quot;unit&quot;:&quot;px&quot;,&quot;top&quot;:&quot;&quot;,&quot;right&quot;:&quot;&quot;,&quot;bottom&quot;:&quot;&quot;,&quot;left&quot;:&quot;&quot;,&quot;isLinked&quot;:true}}\">\n\t\t\t\t<div class=\"elementor-element elementor-element-e455a6d e-con-full e-flex e-con e-parent\" data-id=\"e455a6d\" data-element_type=\"container\">\n\t\t<div class=\"elementor-element elementor-element-60a1303 e-con-full e-flex e-con e-child\" data-id=\"60a1303\" data-element_type=\"container\" data-settings=\"{&quot;background_background&quot;:&quot;classic&quot;}\">\n\t\t\t\t<div class=\"elementor-element elementor-element-be836bd elementor-widget__width-initial  ui-split-animate ui-splitby-lines elementor-invisible elementor-widget elementor-widget-heading\" data-id=\"be836bd\" data-element_type=\"widget\" data-settings=\"{&quot;ui_animate_split&quot;:&quot;ui-split-animate&quot;,&quot;_animation&quot;:&quot;fadeInDown&quot;,&quot;ui_animate_split_by&quot;:&quot;lines&quot;,&quot;ui_animate_split_style&quot;:&quot;fadeInUp&quot;}\" data-widget_type=\"heading.default\">\n\t\t\t\t<div class=\"elementor-widget-container\">\n\t\t\t\t\t<h1 class=\"elementor-heading-title elementor-size-default\">News &amp; Insights<\/h1>\t\t\t\t<\/div>\n\t\t\t\t<\/div>\n\t\t\t\t<div class=\"elementor-element elementor-element-be2ec11 elementor-widget__width-initial elementor-invisible elementor-widget elementor-widget-text-editor\" data-id=\"be2ec11\" data-element_type=\"widget\" data-settings=\"{&quot;_animation&quot;:&quot;fadeInUp&quot;,&quot;_animation_delay&quot;:600}\" data-widget_type=\"text-editor.default\">\n\t\t\t\t<div class=\"elementor-widget-container\">\n\t\t\t\t\t\t\t\t\t<p>Trends, practical knowledge and updates on IT compliance, security and digital transformation. For everyone who wants to understand and shape complexity. <\/p>\t\t\t\t\t\t\t\t<\/div>\n\t\t\t\t<\/div>\n\t\t\t\t<\/div>\n\t\t\t\t<\/div>\n\t\t<div class=\"elementor-element elementor-element-769103d e-flex e-con-boxed e-con e-parent\" data-id=\"769103d\" data-element_type=\"container\">\n\t\t\t\t\t<div class=\"e-con-inner\">\n\t\t\t\t<div class=\"elementor-element elementor-element-fcad52f elementor-widget elementor-widget-bdt-post-grid\" data-id=\"fcad52f\" data-element_type=\"widget\" data-widget_type=\"bdt-post-grid.bdt-modern\">\n\t\t\t\t<div class=\"elementor-widget-container\">\n\t\t\t\t\t \n\t\t<div id=\"bdt-post-grid-fcad52f\" class=\"bdt-post-grid bdt-post-grid-skin-modern\">\n\t  \t\t<div class=\"bdt-grid bdt-grid-small\" data-bdt-grid>\n\n\t\t\t\t\n\n\t\t\t\t\t\t\t\t\t\t    <div class=\"bdt-width-2-5@m bdt-primary\">\n\t\t\t\t\t        \t\t<div class=\"bdt-post-grid-item bdt-transition-toggle bdt-position-relative\">\n\n\t\t\t<div class=\"bdt-post-grid-img-wrap bdt-overflow-hidden\">\n\t\t\t\t<a href=\"https:\/\/pecs-work.com\/en\/documentation-verification-in-it\/\" class=\"bdt-transition-scale-up bdt-background-cover bdt-transition-opaque bdt-flex\" title=\"Documentation &amp; Verification in IT\" style=\"background-image: url(https:\/\/pecs-work.com\/wp-content\/uploads\/2025\/06\/CyberSecurity-Image.jpg)\">\n  \t\t\t\t<\/a>\n\t\t\t<\/div>\n\t\t\t<div class=\"bdt-custom-overlay bdt-position-cover\"><\/div>\n\n\t\t\t<div class=\"bdt-post-grid-desc bdt-position-medium bdt-position-bottom-left\">\n\n\t\t\t\t<h2 class=\"bdt-post-grid-title\">\n\t\t\t\t<a href=\"https:\/\/pecs-work.com\/en\/documentation-verification-in-it\/\" class=\"bdt-post-grid-link\" title=\"Documentation &amp; Verification in IT\">\n\t\t\t\t\tDocumentation &amp; Verification in IT\n\t\t\t\t<\/a>\n\t\t\t<\/h2>\n\t\t\t\t\n\t\t\t\t\t\t\t\t\n\t\t\t<\/div>\n\n\t\t\t\n\t\t<\/div>\n\t\t\t\t\t\t\t    <\/div>\n\n\t\t\t\t\t    <div class=\"bdt-width-2-5@m bdt-secondary\">\n\t\t\t\t\t        <div class=\"bdt-grid bdt-grid-small\" data-bdt-grid>\n\n\t\t\t\t\t\t\t\t\t\t            \n\t\t\t\t\t\t\t\t\n\t\t\t\t\t\n\t\t\t\t\n\n\t\t\t\t\t\t\t\t\t\t            \t\t\t\t\t\t            <div class=\"bdt-width-1-3@s bdt-width-1-1@m\">\n\t\t\t\t\t\t                \t\t<div class=\"bdt-post-grid-item bdt-transition-toggle bdt-position-relative\">\n\n\t\t\t<div class=\"bdt-post-grid-img-wrap bdt-overflow-hidden\">\n\t\t\t\t<a href=\"https:\/\/pecs-work.com\/en\/new-projectsafety-argumentation-using-explainable-ai-for-automated-driving-in-rail-operations\/\" class=\"bdt-transition-scale-up bdt-background-cover bdt-transition-opaque bdt-flex\" title=\"NEW PROJECT:Safety argumentation using explainable AI for automated driving in rail operations\" style=\"background-image: url(https:\/\/pecs-work.com\/wp-content\/uploads\/2025\/07\/bewegungsunschaerfe-des-automatischen-zuges-der-innerhalb-des-tunnels-in-tokio-japan-bewegt-300x196.webp)\">\n  \t\t\t\t<\/a>\n\t\t\t<\/div>\n\t\t\t<div class=\"bdt-custom-overlay bdt-position-cover\"><\/div>\n\n\t\t\t<div class=\"bdt-post-grid-desc bdt-position-medium bdt-position-bottom-left\">\n\n\t\t\t\t<h2 class=\"bdt-post-grid-title\">\n\t\t\t\t<a href=\"https:\/\/pecs-work.com\/en\/new-projectsafety-argumentation-using-explainable-ai-for-automated-driving-in-rail-operations\/\" class=\"bdt-post-grid-link\" title=\"NEW PROJECT:Safety argumentation using explainable AI for automated driving in rail operations\">\n\t\t\t\t\tNEW PROJECT:Safety argumentation using explainable AI for automated driving in rail operations\n\t\t\t\t<\/a>\n\t\t\t<\/h2>\n\t\t\t\t\n\t\t\t\t\t\t\t\t\n\t\t\t<\/div>\n\n\t\t\t\n\t\t<\/div>\n\t\t\t\t\t\t\t\t            <\/div>\n\t\t\t\t\t            \n\t\t\t\t\t\t\t\t\n\t\t\t\t\t\n\t\t\t\t\n\n\t\t\t\t\t\t\t\t\t\t            \n\t\t\t\t\t\t\t\t\t\t\t\t\t\t            <div class=\"bdt-width-1-3@s bdt-width-1-2@m\">\n\t\t\t\t\t\t                \t\t<div class=\"bdt-post-grid-item bdt-transition-toggle bdt-position-relative\">\n\n\t\t\t<div class=\"bdt-post-grid-img-wrap bdt-overflow-hidden\">\n\t\t\t\t<a href=\"https:\/\/pecs-work.com\/en\/operation-follows-system-acceptance\/\" class=\"bdt-transition-scale-up bdt-background-cover bdt-transition-opaque bdt-flex\" title=\"Operation follows system acceptance\" style=\"background-image: url(https:\/\/pecs-work.com\/wp-content\/uploads\/2025\/07\/ABP-1-254x300.webp)\">\n  \t\t\t\t<\/a>\n\t\t\t<\/div>\n\t\t\t<div class=\"bdt-custom-overlay bdt-position-cover\"><\/div>\n\n\t\t\t<div class=\"bdt-post-grid-desc bdt-position-medium bdt-position-bottom-left\">\n\n\t\t\t\t<h2 class=\"bdt-post-grid-title\">\n\t\t\t\t<a href=\"https:\/\/pecs-work.com\/en\/operation-follows-system-acceptance\/\" class=\"bdt-post-grid-link\" title=\"Operation follows system acceptance\">\n\t\t\t\t\tOperation follows system acceptance\n\t\t\t\t<\/a>\n\t\t\t<\/h2>\n\t\t\t\t\n\t\t\t\t\t\t\t\t\n\t\t\t<\/div>\n\n\t\t\t\n\t\t<\/div>\n\t\t\t\t\t\t\t\t            <\/div>\n\t\t\t\t\t            \n\t\t\t\t\t\n\t\t\t\t\n\n\t\t\t\t\t\t\t\t\t\t            \n\t\t\t\t\t\t\t\t\t\t\t\t\t\t            <div class=\"bdt-width-1-3@s bdt-width-1-2@m\">\n\t\t\t\t\t\t                \t\t<div class=\"bdt-post-grid-item bdt-transition-toggle bdt-position-relative\">\n\n\t\t\t<div class=\"bdt-post-grid-img-wrap bdt-overflow-hidden\">\n\t\t\t\t<a href=\"https:\/\/pecs-work.com\/en\/it-compliance-2025-what-companies-need-to-consider-now\/\" class=\"bdt-transition-scale-up bdt-background-cover bdt-transition-opaque bdt-flex\" title=\"IT compliance 2025: What companies need to consider now\" style=\"background-image: url(https:\/\/pecs-work.com\/wp-content\/uploads\/2024\/08\/it-compliance-300x171.jpg)\">\n  \t\t\t\t<\/a>\n\t\t\t<\/div>\n\t\t\t<div class=\"bdt-custom-overlay bdt-position-cover\"><\/div>\n\n\t\t\t<div class=\"bdt-post-grid-desc bdt-position-medium bdt-position-bottom-left\">\n\n\t\t\t\t<h2 class=\"bdt-post-grid-title\">\n\t\t\t\t<a href=\"https:\/\/pecs-work.com\/en\/it-compliance-2025-what-companies-need-to-consider-now\/\" class=\"bdt-post-grid-link\" title=\"IT compliance 2025: What companies need to consider now\">\n\t\t\t\t\tIT compliance 2025: What companies need to consider now\n\t\t\t\t<\/a>\n\t\t\t<\/h2>\n\t\t\t\t\n\t\t\t\t\t\t\t\t\n\t\t\t<\/div>\n\n\t\t\t\n\t\t<\/div>\n\t\t\t\t\t\t\t\t            <\/div>\n\t\t\t\t\t            \n\t\t\t\t\t\n\t\t\t\t\n\n\t\t\t\t\t\t\t\t\t\t            \n\t\t\t\t\t\t\t\t\n\t\t\t\t\t\t\t\t\t\t        <\/div>\n\t\t\t\t\t    <\/div>\n\n\t\t\t\t\t    <div class=\"bdt-width-1-5@m bdt-primary bdt-tertiary\">\n\t\t\t\t\t        \t\t<div class=\"bdt-post-grid-item bdt-transition-toggle bdt-position-relative\">\n\n\t\t\t<div class=\"bdt-post-grid-img-wrap bdt-overflow-hidden\">\n\t\t\t\t<a href=\"https:\/\/pecs-work.com\/en\/mastering-it-ot-convergence-how-companies-develop-secure-system-architectures\/\" class=\"bdt-transition-scale-up bdt-background-cover bdt-transition-opaque bdt-flex\" title=\"Mastering IT\/OT convergence: How companies develop secure system architectures\" style=\"background-image: url(https:\/\/pecs-work.com\/wp-content\/uploads\/2025\/06\/Prozess-Hochkant.jpg)\">\n  \t\t\t\t<\/a>\n\t\t\t<\/div>\n\t\t\t<div class=\"bdt-custom-overlay bdt-position-cover\"><\/div>\n\n\t\t\t<div class=\"bdt-post-grid-desc bdt-position-medium bdt-position-bottom-left\">\n\n\t\t\t\t<h2 class=\"bdt-post-grid-title\">\n\t\t\t\t<a href=\"https:\/\/pecs-work.com\/en\/mastering-it-ot-convergence-how-companies-develop-secure-system-architectures\/\" class=\"bdt-post-grid-link\" title=\"Mastering IT\/OT convergence: How companies develop secure system architectures\">\n\t\t\t\t\tMastering IT\/OT convergence: How companies develop secure system architectures\n\t\t\t\t<\/a>\n\t\t\t<\/h2>\n\t\t\t\t\n\t\t\t\t\t\t\t\t\n\t\t\t<\/div>\n\n\t\t\t\n\t\t<\/div>\n\t\t\t\t\t\t\t    <\/div>\n\n\t\t\t\t\t\n\t\t\t\t\t\t\t<\/div>\n\t\t<\/div>\n\t\n \t\t\t\t\t\t<\/div>\n\t\t\t\t<\/div>\n\t\t\t\t\t<\/div>\n\t\t\t\t<\/div>\n\t\t\t\t<\/div>\n\t\t","protected":false},"excerpt":{"rendered":"<p>News &amp; Insights Trends, practical knowledge and updates on IT compliance, security and digital transformation. For everyone who wants to understand and shape complexity. Dokumentation &amp; Nachweisf\u00fchrung in der IT NEUES PROJEKT:Sicherheitsargumentation mittels erkl\u00e4rbarer KI f\u00fcr das automatisierte Fahren im Bahnbetrieb Nach Systemabnahme folgt Betrieb IT-Compliance 2025: Was Unternehmen jetzt beachten m\u00fcssen IT\/OT-Konvergenz meistern: Wie [&hellip;]<\/p>\n","protected":false},"author":1,"featured_media":0,"parent":0,"menu_order":0,"comment_status":"closed","ping_status":"closed","template":"","meta":{"footnotes":""},"class_list":["post-1252","page","type-page","status-publish","hentry"],"_links":{"self":[{"href":"https:\/\/pecs-work.com\/en\/wp-json\/wp\/v2\/pages\/1252","targetHints":{"allow":["GET"]}}],"collection":[{"href":"https:\/\/pecs-work.com\/en\/wp-json\/wp\/v2\/pages"}],"about":[{"href":"https:\/\/pecs-work.com\/en\/wp-json\/wp\/v2\/types\/page"}],"author":[{"embeddable":true,"href":"https:\/\/pecs-work.com\/en\/wp-json\/wp\/v2\/users\/1"}],"replies":[{"embeddable":true,"href":"https:\/\/pecs-work.com\/en\/wp-json\/wp\/v2\/comments?post=1252"}],"version-history":[{"count":2,"href":"https:\/\/pecs-work.com\/en\/wp-json\/wp\/v2\/pages\/1252\/revisions"}],"predecessor-version":[{"id":1261,"href":"https:\/\/pecs-work.com\/en\/wp-json\/wp\/v2\/pages\/1252\/revisions\/1261"}],"wp:attachment":[{"href":"https:\/\/pecs-work.com\/en\/wp-json\/wp\/v2\/media?parent=1252"}],"curies":[{"name":"wp","href":"https:\/\/api.w.org\/{rel}","templated":true}]}}